{"id":2683,"date":"2023-08-07T12:59:24","date_gmt":"2023-08-07T12:59:24","guid":{"rendered":"http:\/\/cortree.sciontario.org\/inscription\/"},"modified":"2025-07-03T12:18:18","modified_gmt":"2025-07-03T12:18:18","slug":"inscription","status":"publish","type":"page","link":"https:\/\/cortree.sciontario.org\/fr\/inscription\/","title":{"rendered":"Inscription"},"content":{"rendered":"<div id=\"content\">\t\t<div data-elementor-type=\"wp-page\" data-elementor-id=\"2683\" class=\"elementor elementor-2683 elementor-18\" data-elementor-post-type=\"page\">\n\t\t\t\t\t\t<section class=\"elementor-section elementor-top-section elementor-element elementor-element-0ce8713 elementor-section-boxed elementor-section-height-default elementor-section-height-default\" data-id=\"0ce8713\" data-element_type=\"section\" data-e-type=\"section\">\n\t\t\t\t\t\t<div class=\"elementor-container elementor-column-gap-wide\">\n\t\t\t\t\t<div class=\"elementor-column elementor-col-50 elementor-top-column elementor-element elementor-element-bdf9975\" data-id=\"bdf9975\" data-element_type=\"column\" data-e-type=\"column\">\n\t\t\t<div class=\"elementor-widget-wrap elementor-element-populated\">\n\t\t\t\t\t\t<div class=\"elementor-element elementor-element-b4602b2 elementor-widget elementor-widget-heading\" data-id=\"b4602b2\" data-element_type=\"widget\" data-e-type=\"widget\" data-widget_type=\"heading.default\">\n\t\t\t\t<div class=\"elementor-widget-container\">\n\t\t\t\t\t<p class=\"elementor-heading-title elementor-size-large\">Inscrivez-vous \u00e0 Cortree<\/p>\t\t\t\t<\/div>\n\t\t\t\t<\/div>\n\t\t\t\t\t<\/div>\n\t\t<\/div>\n\t\t\t\t<div class=\"elementor-column elementor-col-50 elementor-top-column elementor-element elementor-element-6d189e9\" data-id=\"6d189e9\" data-element_type=\"column\" data-e-type=\"column\">\n\t\t\t<div class=\"elementor-widget-wrap\">\n\t\t\t\t\t\t\t<\/div>\n\t\t<\/div>\n\t\t\t\t\t<\/div>\n\t\t<\/section>\n\t\t\t\t<section class=\"elementor-section elementor-top-section elementor-element elementor-element-91587f2 elementor-section-boxed elementor-section-height-default elementor-section-height-default\" data-id=\"91587f2\" data-element_type=\"section\" data-e-type=\"section\">\n\t\t\t\t\t\t<div class=\"elementor-container elementor-column-gap-wide\">\n\t\t\t\t\t<div class=\"elementor-column elementor-col-50 elementor-top-column elementor-element elementor-element-e714738\" data-id=\"e714738\" data-element_type=\"column\" data-e-type=\"column\">\n\t\t\t<div class=\"elementor-widget-wrap elementor-element-populated\">\n\t\t\t\t\t\t<div class=\"elementor-element elementor-element-5baad82 elementor-widget elementor-widget-shortcode\" data-id=\"5baad82\" data-element_type=\"widget\" data-e-type=\"widget\" data-widget_type=\"shortcode.default\">\n\t\t\t\t<div class=\"elementor-widget-container\">\n\t\t\t\t\t\t\t<div class=\"elementor-shortcode\">\n\t<div class=\"learndash-wrapper\">\n\n\t<div id=\"learndash-registration-wrapper\" style=\"width: 400;\">\n\n\t\n\t<p class=\"registration-login\">Already have an account? <a class=\"registration-login-link\" href=\"\">Log In<\/a><\/p><div class=\"registration-login-form\" style=\"display: none;\"><form name=\"loginform\" id=\"loginform\" action=\"https:\/\/cortree.sciontario.org\/wp-login.php\" method=\"post\"><input id=\"learndash-login-form\" type=\"hidden\" name=\"learndash-login-form\" value=\"8c782f740f\" \/><p class=\"login-username\">\n\t\t\t\t<label for=\"user_login\">Identifiant ou adresse e-mail<\/label>\n\t\t\t\t<input type=\"text\" name=\"log\" id=\"user_login\" autocomplete=\"username\" class=\"input\" value=\"\" size=\"20\" \/>\n\t\t\t<\/p><p class=\"login-password\">\n\t\t\t\t<label for=\"user_pass\">Mot de passe<\/label>\n\t\t\t\t<input type=\"password\" name=\"pwd\" id=\"user_pass\" autocomplete=\"current-password\" spellcheck=\"false\" class=\"input\" value=\"\" size=\"20\" \/>\n\t\t\t<\/p><p class=\"login-remember\"><label><input name=\"rememberme\" type=\"checkbox\" id=\"rememberme\" value=\"forever\" \/> Se souvenir de moi<\/label><\/p><p class=\"login-submit\">\n\t\t\t\t<input type=\"submit\" name=\"wp-submit\" id=\"wp-submit\" class=\"button button-primary\" value=\"Se connecter\" \/>\n\t\t\t\t<input type=\"hidden\" name=\"redirect_to\" value=\"https:\/\/cortree.sciontario.org\/registration\/\" \/>\n\t\t\t<\/p><\/form><\/div><p class=\"show-password-reset-link\" style=\"display: none;\">Forgot password? <a href=\"https:\/\/cortree.sciontario.org\/reset-password\/\">Click here to reset it.<\/a><\/p><p class=\"show-register-form\" style=\"display: none;\"><a href=\"\">Show registration form<\/a><\/p>\t\t\t\t<form name=\"learndash_registerform\" id=\"learndash_registerform\" class=\"ldregister\" action=\"https:\/\/cortree.sciontario.org\/wp-login.php?action=register\" method=\"post\">\n\t\t\t\t<p class=\"learndash-registration-field learndash-registration-field-username learndash-required\"><label for=\"username\">Username <span class=\"learndash-required-field\">*<\/span><\/label>\n\t\t\t\t\t\t<input aria-required=&quot;true&quot; type=\"text\" id=\"username\" name=\"user_login\" value=\"\" \/><\/p><p class=\"learndash-registration-field learndash-registration-field-email learndash-required\"><label for=\"email\">Email <span class=\"learndash-required-field\">*<\/span><\/label>\n\t\t\t\t\t\t<input aria-required=&quot;true&quot; type=\"text\" id=\"email\" name=\"user_email\" value=\"\" \/><\/p><p class=\"learndash-registration-field learndash-registration-field-first_name learndash-required\"><label for=\"first_name\">First Name <span class=\"learndash-required-field\">*<\/span><\/label>\n\t\t\t\t\t\t<input aria-required=&quot;true&quot; type=\"text\" id=\"first_name\" name=\"first_name\" value=\"\" \/><\/p><p class=\"learndash-registration-field learndash-registration-field-last_name learndash-required\"><label for=\"last_name\">Last Name <span class=\"learndash-required-field\">*<\/span><\/label>\n\t\t\t\t\t\t<input aria-required=&quot;true&quot; type=\"text\" id=\"last_name\" name=\"last_name\" value=\"\" \/><\/p><p class=\"learndash-registration-field learndash-registration-field-password learndash-required\"><label for=\"password\">Password <span class=\"learndash-required-field\">*<\/span><\/label>\n\t\t\t\t\t\t<input aria-required=&quot;true&quot; type=\"password\" id=\"password\" name=\"password\" value=\"\" \/><\/p><p class=\"learndash-registration-field learndash-registration-field-confirmpassword learndash-required\"><label for=\"confirm_password\">Confirm Password <span class=\"learndash-required-field\">*<\/span><\/label><input aria-required=&quot;true&quot; type=\"password\" id=\"confirm_password\" name=\"confirm_password\" \/><\/p>\t<div id=\"acf-form-data\" class=\"acf-hidden\">\n\t\t<input type=\"hidden\" id=\"_acf_screen\" name=\"_acf_screen\" value=\"user\"\/><input type=\"hidden\" id=\"_acf_post_id\" name=\"_acf_post_id\" value=\"user_0\"\/><input type=\"hidden\" id=\"_acf_validation\" name=\"_acf_validation\" value=\"0\"\/><input type=\"hidden\" id=\"_acf_nonce\" name=\"_acf_nonce\" value=\"4b1e84a9d0\"\/><input type=\"hidden\" id=\"_acf_changed\" name=\"_acf_changed\" value=\"0\"\/>\t<\/div>\n\t<div class=\"acf-user-register-fields acf-fields -clear\"><div class=\"acf-field acf-field-true-false acf-field-654e60307490c register-consent\" style=\"width:100%;\" data-name=\"email-consent\" data-type=\"true_false\" data-key=\"field_654e60307490c\" data-width=\"100\">\n<div class=\"acf-label\">\n<\/div>\n<div class=\"acf-input\">\n<div class=\"acf-true-false\">\n\t\t\t<input type=\"hidden\" name=\"acf[field_654e60307490c]\" value=\"0\"\/>\t<label>\n\t\t<input type=\"checkbox\" id=\"acf-field_654e60307490c\" name=\"acf[field_654e60307490c]\" value=\"1\" class=\"\" autocomplete=\"off\"\/>\n\t\t\t\t\t\t\t\t\t\t<span class=\"message\">Yes, I would like to receive e-mails from Spinal Cord Injury Ontario<\/span>\t<\/label>\n<\/div>\n\t\t\t<\/div>\n<\/div>\n<div class=\"acf-field acf-field-true-false acf-field-652e97ef9e0c0 is-required register-consent\" style=\"width:100%;\" data-name=\"privacy-consent\" data-type=\"true_false\" data-key=\"field_652e97ef9e0c0\" data-required=\"1\" data-width=\"100\">\n<div class=\"acf-label\">\n<label for=\"acf-field_652e97ef9e0c0\"> <span class=\"acf-required\">*<\/span><\/label><\/div>\n<div class=\"acf-input\">\n<div class=\"acf-true-false\">\n\t\t\t<input type=\"hidden\" name=\"acf[field_652e97ef9e0c0]\" value=\"0\"\/>\t<label>\n\t\t<input type=\"checkbox\" id=\"acf-field_652e97ef9e0c0\" name=\"acf[field_652e97ef9e0c0]\" value=\"1\" class=\"\" autocomplete=\"off\"\/>\n\t\t\t\t\t\t\t\t\t\t<span class=\"message\">I accept the terms of the privacy policy <a href=\"\/privacy-policy\" target=\"_blank\">View Privacy Policy<\/a>*<\/span>\t<\/label>\n<\/div>\n\t\t\t<\/div>\n<\/div>\n<div class=\"acf-field acf-field-true-false acf-field-65326381db7a2 is-required register-consent\" style=\"width:100%;\" data-name=\"terms-consent\" data-type=\"true_false\" data-key=\"field_65326381db7a2\" data-required=\"1\" data-width=\"100\">\n<div class=\"acf-label\">\n<label for=\"acf-field_65326381db7a2\"> <span class=\"acf-required\">*<\/span><\/label><\/div>\n<div class=\"acf-input\">\n<div class=\"acf-true-false\">\n\t\t\t<input type=\"hidden\" name=\"acf[field_65326381db7a2]\" value=\"0\"\/>\t<label>\n\t\t<input type=\"checkbox\" id=\"acf-field_65326381db7a2\" name=\"acf[field_65326381db7a2]\" value=\"1\" class=\"\" autocomplete=\"off\"\/>\n\t\t\t\t\t\t\t\t\t\t<span class=\"message\">I agree with the Terms and Conditions of the service. <a href=\"\/terms\" target=\"_blank\">View Terms &amp; Conditions*<\/a><\/span>\t<\/label>\n<\/div>\n\t\t\t<\/div>\n<\/div>\n<\/div><input type=\"hidden\" id=\"wpa_initiator\" class=\"wpa_initiator\" name=\"wpa_initiator\" value=\"\" \/>\t\t\t\t<input name=\"ld_register_id\" value=\"0\" type=\"hidden\" \/>\n\t\t\t\t<input type=\"hidden\" name=\"learndash-registration-form\" value=\"77a62e709d\" \/>\n\t\t\t\t<input type=\"hidden\" name=\"redirect_to\" value=\"https:\/\/cortree.sciontario.org\/fr\/inscription\/?ld-registered=true&#038;ld_register_id=0\" \/>\n\t\t\t\t<p><input type=\"submit\" name=\"wp-submit\" id=\"wp-submit\" class=\"button button-primary button-large\" value=\"Inscription\" \/><\/p>\n\t\t\t<\/form>\n\t\t\t\t<\/div><\/div><\/div>\n\t\t\t\t\t\t<\/div>\n\t\t\t\t<\/div>\n\t\t\t\t\t<\/div>\n\t\t<\/div>\n\t\t\t\t<div class=\"elementor-column elementor-col-50 elementor-top-column elementor-element elementor-element-393c379\" data-id=\"393c379\" data-element_type=\"column\" data-e-type=\"column\" data-settings=\"{&quot;background_background&quot;:&quot;classic&quot;}\">\n\t\t\t<div class=\"elementor-widget-wrap elementor-element-populated\">\n\t\t\t\t\t<div class=\"elementor-background-overlay\"><\/div>\n\t\t\t\t\t\t<section class=\"elementor-section elementor-inner-section elementor-element elementor-element-2cfa2e8 elementor-section-boxed elementor-section-height-default elementor-section-height-default\" data-id=\"2cfa2e8\" data-element_type=\"section\" data-e-type=\"section\" data-settings=\"{&quot;background_background&quot;:&quot;classic&quot;}\">\n\t\t\t\t\t\t\t<div class=\"elementor-background-overlay\"><\/div>\n\t\t\t\t\t\t\t<div class=\"elementor-container elementor-column-gap-default\">\n\t\t\t\t\t<div class=\"elementor-column elementor-col-100 elementor-inner-column elementor-element elementor-element-74f60b6\" data-id=\"74f60b6\" data-element_type=\"column\" data-e-type=\"column\" data-settings=\"{&quot;background_background&quot;:&quot;classic&quot;}\">\n\t\t\t<div class=\"elementor-widget-wrap elementor-element-populated\">\n\t\t\t\t\t<div class=\"elementor-background-overlay\"><\/div>\n\t\t\t\t\t\t<div class=\"elementor-element elementor-element-76d13c2 elementor-widget elementor-widget-text-editor\" data-id=\"76d13c2\" data-element_type=\"widget\" data-e-type=\"widget\" data-widget_type=\"text-editor.default\">\n\t\t\t\t<div class=\"elementor-widget-container\">\n\t\t\t\t\t\t\t\t\t<p data-pm-slice=\"1 1 [\"list\",{},\"list_item\",{\"indent\":3,\"type\":\"bulleted\"}]\">En vous inscrivant, vous avez la possibilit\u00e9 de suivre vos progr\u00e8s, de c\u00e9l\u00e9brer vos r\u00e9alisations et de garder une longueur d&rsquo;avance gr\u00e2ce aux notifications chaque fois qu&rsquo;un nouveau contenu passionnant est ajout\u00e9 \u00e0 Cortree, vous assurant ainsi de ne jamais manquer une occasion d&rsquo;\u00e9largir vos connaissances.<\/p>\t\t\t\t\t\t\t\t<\/div>\n\t\t\t\t<\/div>\n\t\t\t\t\t<\/div>\n\t\t<\/div>\n\t\t\t\t\t<\/div>\n\t\t<\/section>\n\t\t\t\t\t<\/div>\n\t\t<\/div>\n\t\t\t\t\t<\/div>\n\t\t<\/section>\n\t\t\t\t<section class=\"elementor-section elementor-top-section elementor-element elementor-element-d3f470d elementor-section-boxed elementor-section-height-default elementor-section-height-default\" data-id=\"d3f470d\" data-element_type=\"section\" data-e-type=\"section\">\n\t\t\t\t\t\t<div class=\"elementor-container elementor-column-gap-default\">\n\t\t\t\t\t<div class=\"elementor-column elementor-col-100 elementor-top-column elementor-element elementor-element-4d70b79\" data-id=\"4d70b79\" data-element_type=\"column\" data-e-type=\"column\">\n\t\t\t<div class=\"elementor-widget-wrap\">\n\t\t\t\t\t\t\t<\/div>\n\t\t<\/div>\n\t\t\t\t\t<\/div>\n\t\t<\/section>\n\t\t\t\t<\/div>\n\t\t<\/div>","protected":false},"excerpt":{"rendered":"<p>Inscrivez-vous \u00e0 Cortree En vous inscrivant, vous avez la possibilit\u00e9 de suivre vos progr\u00e8s, de c\u00e9l\u00e9brer vos r\u00e9alisations et de garder une longueur d&rsquo;avance gr\u00e2ce aux notifications chaque fois qu&rsquo;un nouveau contenu passionnant est ajout\u00e9 \u00e0 Cortree, vous assurant ainsi de ne jamais manquer une occasion d&rsquo;\u00e9largir vos connaissances.<\/p>\n","protected":false},"author":3,"featured_media":0,"parent":0,"menu_order":0,"comment_status":"closed","ping_status":"closed","template":"","meta":{"_acf_changed":false,"footnotes":""},"class_list":["post-2683","page","type-page","status-publish","hentry"],"acf":[],"yoast_head":"<!-- This site is optimized with the Yoast SEO plugin v27.3 - https:\/\/yoast.com\/product\/yoast-seo-wordpress\/ -->\n<title>Inscription - Cortree<\/title>\n<meta name=\"robots\" content=\"index, follow, max-snippet:-1, max-image-preview:large, max-video-preview:-1\" \/>\n<link rel=\"canonical\" href=\"https:\/\/cortree.sciontario.org\/fr\/inscription\/\" \/>\n<meta property=\"og:locale\" content=\"fr_FR\" \/>\n<meta property=\"og:type\" content=\"article\" \/>\n<meta property=\"og:title\" content=\"Inscription - Cortree\" \/>\n<meta property=\"og:description\" content=\"Inscrivez-vous \u00e0 Cortree En vous inscrivant, vous avez la possibilit\u00e9 de suivre vos progr\u00e8s, de c\u00e9l\u00e9brer vos r\u00e9alisations et de garder une longueur d&rsquo;avance gr\u00e2ce aux notifications chaque fois qu&rsquo;un nouveau contenu passionnant est ajout\u00e9 \u00e0 Cortree, vous assurant ainsi de ne jamais manquer une occasion d&rsquo;\u00e9largir vos connaissances.\" \/>\n<meta property=\"og:url\" content=\"https:\/\/cortree.sciontario.org\/fr\/inscription\/\" \/>\n<meta property=\"og:site_name\" content=\"Cortree\" \/>\n<meta property=\"article:publisher\" content=\"https:\/\/www.facebook.com\/sciontario.org\/\" \/>\n<meta property=\"article:modified_time\" content=\"2025-07-03T12:18:18+00:00\" \/>\n<meta name=\"twitter:card\" content=\"summary_large_image\" \/>\n<meta name=\"twitter:site\" content=\"@sci_ontario\" \/>\n<script type=\"application\/ld+json\" class=\"yoast-schema-graph\">{\"@context\":\"https:\\\/\\\/schema.org\",\"@graph\":[{\"@type\":\"WebPage\",\"@id\":\"https:\\\/\\\/cortree.sciontario.org\\\/fr\\\/inscription\\\/\",\"url\":\"https:\\\/\\\/cortree.sciontario.org\\\/fr\\\/inscription\\\/\",\"name\":\"Inscription - Cortree\",\"isPartOf\":{\"@id\":\"https:\\\/\\\/cortree.sciontario.org\\\/fr\\\/#website\"},\"datePublished\":\"2023-08-07T12:59:24+00:00\",\"dateModified\":\"2025-07-03T12:18:18+00:00\",\"breadcrumb\":{\"@id\":\"https:\\\/\\\/cortree.sciontario.org\\\/fr\\\/inscription\\\/#breadcrumb\"},\"inLanguage\":\"fr-FR\",\"potentialAction\":[{\"@type\":\"ReadAction\",\"target\":[\"https:\\\/\\\/cortree.sciontario.org\\\/fr\\\/inscription\\\/\"]}]},{\"@type\":\"BreadcrumbList\",\"@id\":\"https:\\\/\\\/cortree.sciontario.org\\\/fr\\\/inscription\\\/#breadcrumb\",\"itemListElement\":[{\"@type\":\"ListItem\",\"position\":1,\"name\":\"Home\",\"item\":\"https:\\\/\\\/cortree.sciontario.org\\\/fr\\\/\"},{\"@type\":\"ListItem\",\"position\":2,\"name\":\"Inscription\"}]},{\"@type\":\"WebSite\",\"@id\":\"https:\\\/\\\/cortree.sciontario.org\\\/fr\\\/#website\",\"url\":\"https:\\\/\\\/cortree.sciontario.org\\\/fr\\\/\",\"name\":\"Cortree\",\"description\":\"The premier destination for everyone looking to grow their knowledge, empathy and understanding of living and working with a mobility disability.\",\"publisher\":{\"@id\":\"https:\\\/\\\/cortree.sciontario.org\\\/fr\\\/#organization\"},\"potentialAction\":[{\"@type\":\"SearchAction\",\"target\":{\"@type\":\"EntryPoint\",\"urlTemplate\":\"https:\\\/\\\/cortree.sciontario.org\\\/fr\\\/?s={search_term_string}\"},\"query-input\":{\"@type\":\"PropertyValueSpecification\",\"valueRequired\":true,\"valueName\":\"search_term_string\"}}],\"inLanguage\":\"fr-FR\"},{\"@type\":\"Organization\",\"@id\":\"https:\\\/\\\/cortree.sciontario.org\\\/fr\\\/#organization\",\"name\":\"Spinal Cord Injury Ontario\",\"url\":\"https:\\\/\\\/cortree.sciontario.org\\\/fr\\\/\",\"logo\":{\"@type\":\"ImageObject\",\"inLanguage\":\"fr-FR\",\"@id\":\"https:\\\/\\\/cortree.sciontario.org\\\/fr\\\/#\\\/schema\\\/logo\\\/image\\\/\",\"url\":\"https:\\\/\\\/cortree.sciontario.org\\\/wp-content\\\/uploads\\\/2023\\\/08\\\/cortree-logo.svg\",\"contentUrl\":\"https:\\\/\\\/cortree.sciontario.org\\\/wp-content\\\/uploads\\\/2023\\\/08\\\/cortree-logo.svg\",\"width\":1557,\"height\":514,\"caption\":\"Spinal Cord Injury Ontario\"},\"image\":{\"@id\":\"https:\\\/\\\/cortree.sciontario.org\\\/fr\\\/#\\\/schema\\\/logo\\\/image\\\/\"},\"sameAs\":[\"https:\\\/\\\/www.facebook.com\\\/sciontario.org\\\/\",\"https:\\\/\\\/x.com\\\/sci_ontario\",\"https:\\\/\\\/www.instagram.com\\\/sci_ontario\",\"https:\\\/\\\/www.youtube.com\\\/@CortreeTV\"]}]}<\/script>\n<!-- \/ Yoast SEO plugin. -->","yoast_head_json":{"title":"Inscription - Cortree","robots":{"index":"index","follow":"follow","max-snippet":"max-snippet:-1","max-image-preview":"max-image-preview:large","max-video-preview":"max-video-preview:-1"},"canonical":"https:\/\/cortree.sciontario.org\/fr\/inscription\/","og_locale":"fr_FR","og_type":"article","og_title":"Inscription - Cortree","og_description":"Inscrivez-vous \u00e0 Cortree En vous inscrivant, vous avez la possibilit\u00e9 de suivre vos progr\u00e8s, de c\u00e9l\u00e9brer vos r\u00e9alisations et de garder une longueur d&rsquo;avance gr\u00e2ce aux notifications chaque fois qu&rsquo;un nouveau contenu passionnant est ajout\u00e9 \u00e0 Cortree, vous assurant ainsi de ne jamais manquer une occasion d&rsquo;\u00e9largir vos connaissances.","og_url":"https:\/\/cortree.sciontario.org\/fr\/inscription\/","og_site_name":"Cortree","article_publisher":"https:\/\/www.facebook.com\/sciontario.org\/","article_modified_time":"2025-07-03T12:18:18+00:00","twitter_card":"summary_large_image","twitter_site":"@sci_ontario","schema":{"@context":"https:\/\/schema.org","@graph":[{"@type":"WebPage","@id":"https:\/\/cortree.sciontario.org\/fr\/inscription\/","url":"https:\/\/cortree.sciontario.org\/fr\/inscription\/","name":"Inscription - Cortree","isPartOf":{"@id":"https:\/\/cortree.sciontario.org\/fr\/#website"},"datePublished":"2023-08-07T12:59:24+00:00","dateModified":"2025-07-03T12:18:18+00:00","breadcrumb":{"@id":"https:\/\/cortree.sciontario.org\/fr\/inscription\/#breadcrumb"},"inLanguage":"fr-FR","potentialAction":[{"@type":"ReadAction","target":["https:\/\/cortree.sciontario.org\/fr\/inscription\/"]}]},{"@type":"BreadcrumbList","@id":"https:\/\/cortree.sciontario.org\/fr\/inscription\/#breadcrumb","itemListElement":[{"@type":"ListItem","position":1,"name":"Home","item":"https:\/\/cortree.sciontario.org\/fr\/"},{"@type":"ListItem","position":2,"name":"Inscription"}]},{"@type":"WebSite","@id":"https:\/\/cortree.sciontario.org\/fr\/#website","url":"https:\/\/cortree.sciontario.org\/fr\/","name":"Cortree","description":"The premier destination for everyone looking to grow their knowledge, empathy and understanding of living and working with a mobility disability.","publisher":{"@id":"https:\/\/cortree.sciontario.org\/fr\/#organization"},"potentialAction":[{"@type":"SearchAction","target":{"@type":"EntryPoint","urlTemplate":"https:\/\/cortree.sciontario.org\/fr\/?s={search_term_string}"},"query-input":{"@type":"PropertyValueSpecification","valueRequired":true,"valueName":"search_term_string"}}],"inLanguage":"fr-FR"},{"@type":"Organization","@id":"https:\/\/cortree.sciontario.org\/fr\/#organization","name":"Spinal Cord Injury Ontario","url":"https:\/\/cortree.sciontario.org\/fr\/","logo":{"@type":"ImageObject","inLanguage":"fr-FR","@id":"https:\/\/cortree.sciontario.org\/fr\/#\/schema\/logo\/image\/","url":"https:\/\/cortree.sciontario.org\/wp-content\/uploads\/2023\/08\/cortree-logo.svg","contentUrl":"https:\/\/cortree.sciontario.org\/wp-content\/uploads\/2023\/08\/cortree-logo.svg","width":1557,"height":514,"caption":"Spinal Cord Injury Ontario"},"image":{"@id":"https:\/\/cortree.sciontario.org\/fr\/#\/schema\/logo\/image\/"},"sameAs":["https:\/\/www.facebook.com\/sciontario.org\/","https:\/\/x.com\/sci_ontario","https:\/\/www.instagram.com\/sci_ontario","https:\/\/www.youtube.com\/@CortreeTV"]}]}},"featured_image_src":null,"featured_image_src_square":null,"_links":{"self":[{"href":"https:\/\/cortree.sciontario.org\/fr\/wp-json\/wp\/v2\/pages\/2683","targetHints":{"allow":["GET"]}}],"collection":[{"href":"https:\/\/cortree.sciontario.org\/fr\/wp-json\/wp\/v2\/pages"}],"about":[{"href":"https:\/\/cortree.sciontario.org\/fr\/wp-json\/wp\/v2\/types\/page"}],"author":[{"embeddable":true,"href":"https:\/\/cortree.sciontario.org\/fr\/wp-json\/wp\/v2\/users\/3"}],"replies":[{"embeddable":true,"href":"https:\/\/cortree.sciontario.org\/fr\/wp-json\/wp\/v2\/comments?post=2683"}],"version-history":[{"count":0,"href":"https:\/\/cortree.sciontario.org\/fr\/wp-json\/wp\/v2\/pages\/2683\/revisions"}],"wp:attachment":[{"href":"https:\/\/cortree.sciontario.org\/fr\/wp-json\/wp\/v2\/media?parent=2683"}],"curies":[{"name":"wp","href":"https:\/\/api.w.org\/{rel}","templated":true}]}}