{"id":2666,"date":"2023-08-22T10:05:30","date_gmt":"2023-08-22T10:05:30","guid":{"rendered":"http:\/\/cortree.sciontario.org\/creer\/"},"modified":"2025-07-03T11:40:45","modified_gmt":"2025-07-03T11:40:45","slug":"creer","status":"publish","type":"page","link":"https:\/\/cortree.sciontario.org\/fr\/creer\/","title":{"rendered":"Cr\u00e9er"},"content":{"rendered":"<div id=\"content\">\t\t<div data-elementor-type=\"wp-page\" data-elementor-id=\"2666\" class=\"elementor elementor-2666 elementor-131\" data-elementor-post-type=\"page\">\n\t\t\t\t\t\t<section class=\"elementor-section elementor-top-section elementor-element elementor-element-45410e5a elementor-section-boxed elementor-section-height-default elementor-section-height-default\" data-id=\"45410e5a\" data-element_type=\"section\" data-e-type=\"section\">\n\t\t\t\t\t\t<div class=\"elementor-container elementor-column-gap-default\">\n\t\t\t\t\t<div class=\"elementor-column elementor-col-100 elementor-top-column elementor-element elementor-element-2e718dbc\" data-id=\"2e718dbc\" data-element_type=\"column\" data-e-type=\"column\">\n\t\t\t<div class=\"elementor-widget-wrap elementor-element-populated\">\n\t\t\t\t\t\t<div class=\"elementor-element elementor-element-6d37f4da elementor-widget elementor-widget-text-editor\" data-id=\"6d37f4da\" data-element_type=\"widget\" data-e-type=\"widget\" data-widget_type=\"text-editor.default\">\n\t\t\t\t<div class=\"elementor-widget-container\">\n\t\t\t\t\t\t\t\t\t\n<h1 class=\"wp-block-heading has-text-align-center\">Contribuer \u00e0 Cortree<\/h1>\n\t\t\t\t\t\t\t\t<\/div>\n\t\t\t\t<\/div>\n\t\t\t\t\t<\/div>\n\t\t<\/div>\n\t\t\t\t\t<\/div>\n\t\t<\/section>\n\t\t\t\t<section class=\"elementor-section elementor-top-section elementor-element elementor-element-498bdf1 elementor-section-boxed elementor-section-height-default elementor-section-height-default\" data-id=\"498bdf1\" data-element_type=\"section\" data-e-type=\"section\">\n\t\t\t\t\t\t<div class=\"elementor-container elementor-column-gap-default\">\n\t\t\t\t\t<div class=\"elementor-column elementor-col-100 elementor-top-column elementor-element elementor-element-42f8a5c\" data-id=\"42f8a5c\" data-element_type=\"column\" data-e-type=\"column\">\n\t\t\t<div class=\"elementor-widget-wrap elementor-element-populated\">\n\t\t\t\t\t\t<div class=\"elementor-element elementor-element-59788ee elementor-widget elementor-widget-image\" data-id=\"59788ee\" data-element_type=\"widget\" data-e-type=\"widget\" data-widget_type=\"image.default\">\n\t\t\t\t<div class=\"elementor-widget-container\">\n\t\t\t\t\t\t\t\t\t\t\t\t\t\t\t<img fetchpriority=\"high\" decoding=\"async\" width=\"1920\" height=\"1032\" src=\"https:\/\/cortree.sciontario.org\/wp-content\/uploads\/2023\/10\/creator-page.jpg\" class=\"attachment-full size-full wp-image-2407\" alt=\"Collage of images showing individuals with different types of disabilities.\" srcset=\"https:\/\/cortree.sciontario.org\/wp-content\/uploads\/2023\/10\/creator-page.jpg 1920w, https:\/\/cortree.sciontario.org\/wp-content\/uploads\/2023\/10\/creator-page-300x161.jpg 300w, https:\/\/cortree.sciontario.org\/wp-content\/uploads\/2023\/10\/creator-page-1024x550.jpg 1024w, https:\/\/cortree.sciontario.org\/wp-content\/uploads\/2023\/10\/creator-page-768x413.jpg 768w, https:\/\/cortree.sciontario.org\/wp-content\/uploads\/2023\/10\/creator-page-1536x826.jpg 1536w\" sizes=\"(max-width: 1920px) 100vw, 1920px\" \/>\t\t\t\t\t\t\t\t\t\t\t\t\t\t\t<\/div>\n\t\t\t\t<\/div>\n\t\t\t\t\t<\/div>\n\t\t<\/div>\n\t\t\t\t\t<\/div>\n\t\t<\/section>\n\t\t\t\t<section class=\"elementor-section elementor-top-section elementor-element elementor-element-c444420 elementor-section-boxed elementor-section-height-default elementor-section-height-default\" data-id=\"c444420\" data-element_type=\"section\" data-e-type=\"section\">\n\t\t\t\t\t\t<div class=\"elementor-container elementor-column-gap-default\">\n\t\t\t\t\t<div class=\"elementor-column elementor-col-16 elementor-top-column elementor-element elementor-element-92f5630\" data-id=\"92f5630\" data-element_type=\"column\" data-e-type=\"column\">\n\t\t\t<div class=\"elementor-widget-wrap\">\n\t\t\t\t\t\t\t<\/div>\n\t\t<\/div>\n\t\t\t\t<div class=\"elementor-column elementor-col-66 elementor-top-column elementor-element elementor-element-ad4bd2d\" data-id=\"ad4bd2d\" data-element_type=\"column\" data-e-type=\"column\">\n\t\t\t<div class=\"elementor-widget-wrap elementor-element-populated\">\n\t\t\t\t\t\t<div class=\"elementor-element elementor-element-eadd98f elementor-widget elementor-widget-text-editor\" data-id=\"eadd98f\" data-element_type=\"widget\" data-e-type=\"widget\" data-widget_type=\"text-editor.default\">\n\t\t\t\t<div class=\"elementor-widget-container\">\n\t\t\t\t\t\t\t\t\t<p>Les cr\u00e9ateurs de LMO partagent ici leur exp\u00e9rience et leurs id\u00e9es pour aider les autres \u00e0 mieux naviguer dans la vie avec un handicap de mobilit\u00e9. Si vous souffrez d\u2019un handicap ou d\u2019un probl\u00e8me de sant\u00e9 chronique, vous savez qu\u2019il existe une expertise unique que les utilisateurs fr\u00e9quents du syst\u00e8me de sant\u00e9 d\u00e9veloppent. Nos cr\u00e9ateurs partagent leurs points de vue sur la sant\u00e9 et le bien-\u00eatre. Regarder. Apprendre. Prosp\u00e9rer.<\/p>\t\t\t\t\t\t\t\t<\/div>\n\t\t\t\t<\/div>\n\t\t\t\t\t<\/div>\n\t\t<\/div>\n\t\t\t\t<div class=\"elementor-column elementor-col-16 elementor-top-column elementor-element elementor-element-26a661f\" data-id=\"26a661f\" data-element_type=\"column\" data-e-type=\"column\">\n\t\t\t<div class=\"elementor-widget-wrap\">\n\t\t\t\t\t\t\t<\/div>\n\t\t<\/div>\n\t\t\t\t\t<\/div>\n\t\t<\/section>\n\t\t\t\t<section class=\"elementor-section elementor-top-section elementor-element elementor-element-8dba76c elementor-section-boxed elementor-section-height-default elementor-section-height-default\" data-id=\"8dba76c\" data-element_type=\"section\" data-e-type=\"section\">\n\t\t\t\t\t\t<div class=\"elementor-container elementor-column-gap-default\">\n\t\t\t\t\t<div class=\"elementor-column elementor-col-100 elementor-top-column elementor-element elementor-element-28a0915\" data-id=\"28a0915\" data-element_type=\"column\" data-e-type=\"column\">\n\t\t\t<div class=\"elementor-widget-wrap elementor-element-populated\">\n\t\t\t\t\t\t<div class=\"elementor-element elementor-element-e3501ad elementor-align-center elementor-widget elementor-widget-button\" data-id=\"e3501ad\" data-element_type=\"widget\" data-e-type=\"widget\" data-widget_type=\"button.default\">\n\t\t\t\t<div class=\"elementor-widget-container\">\n\t\t\t\t\t\t\t\t\t<div class=\"elementor-button-wrapper\">\n\t\t\t\t\t<a class=\"elementor-button elementor-button-link elementor-size-sm\" href=\"https:\/\/cortree.sciontario.org\/contact-us\/\">\n\t\t\t\t\t\t<span class=\"elementor-button-content-wrapper\">\n\t\t\t\t\t\t\t\t\t<span class=\"elementor-button-text\">Postulez aujourd'hui<\/span>\n\t\t\t\t\t<\/span>\n\t\t\t\t\t<\/a>\n\t\t\t\t<\/div>\n\t\t\t\t\t\t\t\t<\/div>\n\t\t\t\t<\/div>\n\t\t\t\t\t<\/div>\n\t\t<\/div>\n\t\t\t\t\t<\/div>\n\t\t<\/section>\n\t\t\t\t<section class=\"elementor-section elementor-top-section elementor-element elementor-element-f3f7887 elementor-section-boxed elementor-section-height-default elementor-section-height-default\" data-id=\"f3f7887\" data-element_type=\"section\" data-e-type=\"section\">\n\t\t\t\t\t\t<div class=\"elementor-container elementor-column-gap-default\">\n\t\t\t\t\t<div class=\"elementor-column elementor-col-100 elementor-top-column elementor-element elementor-element-1e80d3f\" data-id=\"1e80d3f\" data-element_type=\"column\" data-e-type=\"column\">\n\t\t\t<div class=\"elementor-widget-wrap elementor-element-populated\">\n\t\t\t\t\t\t<div class=\"elementor-element elementor-element-52f97db elementor-pagination-type-bullets elementor-arrows-position-inside elementor-pagination-position-outside elementor-widget elementor-widget-loop-carousel\" data-id=\"52f97db\" data-element_type=\"widget\" data-e-type=\"widget\" data-settings=\"{&quot;template_id&quot;:2716,&quot;_skin&quot;:&quot;post&quot;,&quot;slides_to_show&quot;:&quot;3&quot;,&quot;slides_to_show_tablet&quot;:&quot;2&quot;,&quot;slides_to_show_mobile&quot;:&quot;1&quot;,&quot;slides_to_scroll&quot;:&quot;1&quot;,&quot;edit_handle_selector&quot;:&quot;.elementor-loop-container&quot;,&quot;autoplay&quot;:&quot;yes&quot;,&quot;autoplay_speed&quot;:5000,&quot;pause_on_hover&quot;:&quot;yes&quot;,&quot;pause_on_interaction&quot;:&quot;yes&quot;,&quot;infinite&quot;:&quot;yes&quot;,&quot;speed&quot;:500,&quot;offset_sides&quot;:&quot;none&quot;,&quot;arrows&quot;:&quot;yes&quot;,&quot;pagination&quot;:&quot;bullets&quot;,&quot;image_spacing_custom&quot;:{&quot;unit&quot;:&quot;px&quot;,&quot;size&quot;:10,&quot;sizes&quot;:[]},&quot;image_spacing_custom_tablet&quot;:{&quot;unit&quot;:&quot;px&quot;,&quot;size&quot;:&quot;&quot;,&quot;sizes&quot;:[]},&quot;image_spacing_custom_mobile&quot;:{&quot;unit&quot;:&quot;px&quot;,&quot;size&quot;:&quot;&quot;,&quot;sizes&quot;:[]}}\" data-widget_type=\"loop-carousel.post\">\n\t\t\t\t<div class=\"elementor-widget-container\">\n\t\t\t\t\t\t\t<div class=\"e-loop-nothing-found-message\">\n\t\t<\/div>\n\t\t\t\t\t\t<\/div>\n\t\t\t\t<\/div>\n\t\t\t\t\t<\/div>\n\t\t<\/div>\n\t\t\t\t\t<\/div>\n\t\t<\/section>\n\t\t\t\t<\/div>\n\t\t<\/div>","protected":false},"excerpt":{"rendered":"<p>Contribuer \u00e0 Cortree Les cr\u00e9ateurs de LMO partagent ici leur exp\u00e9rience et leurs id\u00e9es pour aider les autres \u00e0 mieux naviguer dans la vie avec un handicap de mobilit\u00e9. Si vous souffrez d\u2019un handicap ou d\u2019un probl\u00e8me de sant\u00e9 chronique, vous savez qu\u2019il existe une expertise unique que les utilisateurs fr\u00e9quents du syst\u00e8me de sant\u00e9 [&hellip;]<\/p>\n","protected":false},"author":4,"featured_media":0,"parent":0,"menu_order":0,"comment_status":"closed","ping_status":"closed","template":"","meta":{"_acf_changed":false,"footnotes":""},"class_list":["post-2666","page","type-page","status-publish","hentry"],"acf":[],"yoast_head":"<!-- This site is optimized with the Yoast SEO plugin v27.3 - https:\/\/yoast.com\/product\/yoast-seo-wordpress\/ -->\n<title>Cr\u00e9er - Cortree<\/title>\n<meta name=\"robots\" content=\"index, follow, max-snippet:-1, max-image-preview:large, max-video-preview:-1\" \/>\n<link rel=\"canonical\" href=\"https:\/\/cortree.sciontario.org\/fr\/creer\/\" \/>\n<meta property=\"og:locale\" content=\"fr_FR\" \/>\n<meta property=\"og:type\" content=\"article\" \/>\n<meta property=\"og:title\" content=\"Cr\u00e9er - Cortree\" \/>\n<meta property=\"og:description\" content=\"Contribuer \u00e0 Cortree Les cr\u00e9ateurs de LMO partagent ici leur exp\u00e9rience et leurs id\u00e9es pour aider les autres \u00e0 mieux naviguer dans la vie avec un handicap de mobilit\u00e9. Si vous souffrez d\u2019un handicap ou d\u2019un probl\u00e8me de sant\u00e9 chronique, vous savez qu\u2019il existe une expertise unique que les utilisateurs fr\u00e9quents du syst\u00e8me de sant\u00e9 [&hellip;]\" \/>\n<meta property=\"og:url\" content=\"https:\/\/cortree.sciontario.org\/fr\/creer\/\" \/>\n<meta property=\"og:site_name\" content=\"Cortree\" \/>\n<meta property=\"article:publisher\" content=\"https:\/\/www.facebook.com\/sciontario.org\/\" \/>\n<meta property=\"article:modified_time\" content=\"2025-07-03T11:40:45+00:00\" \/>\n<meta property=\"og:image\" content=\"http:\/\/cortree.sciontario.org\/wp-content\/uploads\/2023\/10\/creator-page.jpg\" \/>\n<meta name=\"twitter:card\" content=\"summary_large_image\" \/>\n<meta name=\"twitter:site\" content=\"@sci_ontario\" \/>\n<script type=\"application\/ld+json\" class=\"yoast-schema-graph\">{\"@context\":\"https:\\\/\\\/schema.org\",\"@graph\":[{\"@type\":\"WebPage\",\"@id\":\"https:\\\/\\\/cortree.sciontario.org\\\/fr\\\/creer\\\/\",\"url\":\"https:\\\/\\\/cortree.sciontario.org\\\/fr\\\/creer\\\/\",\"name\":\"Cr\u00e9er - Cortree\",\"isPartOf\":{\"@id\":\"https:\\\/\\\/cortree.sciontario.org\\\/fr\\\/#website\"},\"primaryImageOfPage\":{\"@id\":\"https:\\\/\\\/cortree.sciontario.org\\\/fr\\\/creer\\\/#primaryimage\"},\"image\":{\"@id\":\"https:\\\/\\\/cortree.sciontario.org\\\/fr\\\/creer\\\/#primaryimage\"},\"thumbnailUrl\":\"http:\\\/\\\/cortree.sciontario.org\\\/wp-content\\\/uploads\\\/2023\\\/10\\\/creator-page.jpg\",\"datePublished\":\"2023-08-22T10:05:30+00:00\",\"dateModified\":\"2025-07-03T11:40:45+00:00\",\"breadcrumb\":{\"@id\":\"https:\\\/\\\/cortree.sciontario.org\\\/fr\\\/creer\\\/#breadcrumb\"},\"inLanguage\":\"fr-FR\",\"potentialAction\":[{\"@type\":\"ReadAction\",\"target\":[\"https:\\\/\\\/cortree.sciontario.org\\\/fr\\\/creer\\\/\"]}]},{\"@type\":\"ImageObject\",\"inLanguage\":\"fr-FR\",\"@id\":\"https:\\\/\\\/cortree.sciontario.org\\\/fr\\\/creer\\\/#primaryimage\",\"url\":\"http:\\\/\\\/cortree.sciontario.org\\\/wp-content\\\/uploads\\\/2023\\\/10\\\/creator-page.jpg\",\"contentUrl\":\"http:\\\/\\\/cortree.sciontario.org\\\/wp-content\\\/uploads\\\/2023\\\/10\\\/creator-page.jpg\"},{\"@type\":\"BreadcrumbList\",\"@id\":\"https:\\\/\\\/cortree.sciontario.org\\\/fr\\\/creer\\\/#breadcrumb\",\"itemListElement\":[{\"@type\":\"ListItem\",\"position\":1,\"name\":\"Home\",\"item\":\"https:\\\/\\\/cortree.sciontario.org\\\/fr\\\/\"},{\"@type\":\"ListItem\",\"position\":2,\"name\":\"Cr\u00e9er\"}]},{\"@type\":\"WebSite\",\"@id\":\"https:\\\/\\\/cortree.sciontario.org\\\/fr\\\/#website\",\"url\":\"https:\\\/\\\/cortree.sciontario.org\\\/fr\\\/\",\"name\":\"Cortree\",\"description\":\"The premier destination for everyone looking to grow their knowledge, empathy and understanding of living and working with a mobility disability.\",\"publisher\":{\"@id\":\"https:\\\/\\\/cortree.sciontario.org\\\/fr\\\/#organization\"},\"potentialAction\":[{\"@type\":\"SearchAction\",\"target\":{\"@type\":\"EntryPoint\",\"urlTemplate\":\"https:\\\/\\\/cortree.sciontario.org\\\/fr\\\/?s={search_term_string}\"},\"query-input\":{\"@type\":\"PropertyValueSpecification\",\"valueRequired\":true,\"valueName\":\"search_term_string\"}}],\"inLanguage\":\"fr-FR\"},{\"@type\":\"Organization\",\"@id\":\"https:\\\/\\\/cortree.sciontario.org\\\/fr\\\/#organization\",\"name\":\"Spinal Cord Injury Ontario\",\"url\":\"https:\\\/\\\/cortree.sciontario.org\\\/fr\\\/\",\"logo\":{\"@type\":\"ImageObject\",\"inLanguage\":\"fr-FR\",\"@id\":\"https:\\\/\\\/cortree.sciontario.org\\\/fr\\\/#\\\/schema\\\/logo\\\/image\\\/\",\"url\":\"https:\\\/\\\/cortree.sciontario.org\\\/wp-content\\\/uploads\\\/2023\\\/08\\\/cortree-logo.svg\",\"contentUrl\":\"https:\\\/\\\/cortree.sciontario.org\\\/wp-content\\\/uploads\\\/2023\\\/08\\\/cortree-logo.svg\",\"width\":1557,\"height\":514,\"caption\":\"Spinal Cord Injury Ontario\"},\"image\":{\"@id\":\"https:\\\/\\\/cortree.sciontario.org\\\/fr\\\/#\\\/schema\\\/logo\\\/image\\\/\"},\"sameAs\":[\"https:\\\/\\\/www.facebook.com\\\/sciontario.org\\\/\",\"https:\\\/\\\/x.com\\\/sci_ontario\",\"https:\\\/\\\/www.instagram.com\\\/sci_ontario\",\"https:\\\/\\\/www.youtube.com\\\/@CortreeTV\"]}]}<\/script>\n<!-- \/ Yoast SEO plugin. -->","yoast_head_json":{"title":"Cr\u00e9er - Cortree","robots":{"index":"index","follow":"follow","max-snippet":"max-snippet:-1","max-image-preview":"max-image-preview:large","max-video-preview":"max-video-preview:-1"},"canonical":"https:\/\/cortree.sciontario.org\/fr\/creer\/","og_locale":"fr_FR","og_type":"article","og_title":"Cr\u00e9er - Cortree","og_description":"Contribuer \u00e0 Cortree Les cr\u00e9ateurs de LMO partagent ici leur exp\u00e9rience et leurs id\u00e9es pour aider les autres \u00e0 mieux naviguer dans la vie avec un handicap de mobilit\u00e9. Si vous souffrez d\u2019un handicap ou d\u2019un probl\u00e8me de sant\u00e9 chronique, vous savez qu\u2019il existe une expertise unique que les utilisateurs fr\u00e9quents du syst\u00e8me de sant\u00e9 [&hellip;]","og_url":"https:\/\/cortree.sciontario.org\/fr\/creer\/","og_site_name":"Cortree","article_publisher":"https:\/\/www.facebook.com\/sciontario.org\/","article_modified_time":"2025-07-03T11:40:45+00:00","og_image":[{"url":"http:\/\/cortree.sciontario.org\/wp-content\/uploads\/2023\/10\/creator-page.jpg","type":"","width":"","height":""}],"twitter_card":"summary_large_image","twitter_site":"@sci_ontario","schema":{"@context":"https:\/\/schema.org","@graph":[{"@type":"WebPage","@id":"https:\/\/cortree.sciontario.org\/fr\/creer\/","url":"https:\/\/cortree.sciontario.org\/fr\/creer\/","name":"Cr\u00e9er - Cortree","isPartOf":{"@id":"https:\/\/cortree.sciontario.org\/fr\/#website"},"primaryImageOfPage":{"@id":"https:\/\/cortree.sciontario.org\/fr\/creer\/#primaryimage"},"image":{"@id":"https:\/\/cortree.sciontario.org\/fr\/creer\/#primaryimage"},"thumbnailUrl":"http:\/\/cortree.sciontario.org\/wp-content\/uploads\/2023\/10\/creator-page.jpg","datePublished":"2023-08-22T10:05:30+00:00","dateModified":"2025-07-03T11:40:45+00:00","breadcrumb":{"@id":"https:\/\/cortree.sciontario.org\/fr\/creer\/#breadcrumb"},"inLanguage":"fr-FR","potentialAction":[{"@type":"ReadAction","target":["https:\/\/cortree.sciontario.org\/fr\/creer\/"]}]},{"@type":"ImageObject","inLanguage":"fr-FR","@id":"https:\/\/cortree.sciontario.org\/fr\/creer\/#primaryimage","url":"http:\/\/cortree.sciontario.org\/wp-content\/uploads\/2023\/10\/creator-page.jpg","contentUrl":"http:\/\/cortree.sciontario.org\/wp-content\/uploads\/2023\/10\/creator-page.jpg"},{"@type":"BreadcrumbList","@id":"https:\/\/cortree.sciontario.org\/fr\/creer\/#breadcrumb","itemListElement":[{"@type":"ListItem","position":1,"name":"Home","item":"https:\/\/cortree.sciontario.org\/fr\/"},{"@type":"ListItem","position":2,"name":"Cr\u00e9er"}]},{"@type":"WebSite","@id":"https:\/\/cortree.sciontario.org\/fr\/#website","url":"https:\/\/cortree.sciontario.org\/fr\/","name":"Cortree","description":"The premier destination for everyone looking to grow their knowledge, empathy and understanding of living and working with a mobility disability.","publisher":{"@id":"https:\/\/cortree.sciontario.org\/fr\/#organization"},"potentialAction":[{"@type":"SearchAction","target":{"@type":"EntryPoint","urlTemplate":"https:\/\/cortree.sciontario.org\/fr\/?s={search_term_string}"},"query-input":{"@type":"PropertyValueSpecification","valueRequired":true,"valueName":"search_term_string"}}],"inLanguage":"fr-FR"},{"@type":"Organization","@id":"https:\/\/cortree.sciontario.org\/fr\/#organization","name":"Spinal Cord Injury Ontario","url":"https:\/\/cortree.sciontario.org\/fr\/","logo":{"@type":"ImageObject","inLanguage":"fr-FR","@id":"https:\/\/cortree.sciontario.org\/fr\/#\/schema\/logo\/image\/","url":"https:\/\/cortree.sciontario.org\/wp-content\/uploads\/2023\/08\/cortree-logo.svg","contentUrl":"https:\/\/cortree.sciontario.org\/wp-content\/uploads\/2023\/08\/cortree-logo.svg","width":1557,"height":514,"caption":"Spinal Cord Injury Ontario"},"image":{"@id":"https:\/\/cortree.sciontario.org\/fr\/#\/schema\/logo\/image\/"},"sameAs":["https:\/\/www.facebook.com\/sciontario.org\/","https:\/\/x.com\/sci_ontario","https:\/\/www.instagram.com\/sci_ontario","https:\/\/www.youtube.com\/@CortreeTV"]}]}},"featured_image_src":null,"featured_image_src_square":null,"_links":{"self":[{"href":"https:\/\/cortree.sciontario.org\/fr\/wp-json\/wp\/v2\/pages\/2666","targetHints":{"allow":["GET"]}}],"collection":[{"href":"https:\/\/cortree.sciontario.org\/fr\/wp-json\/wp\/v2\/pages"}],"about":[{"href":"https:\/\/cortree.sciontario.org\/fr\/wp-json\/wp\/v2\/types\/page"}],"author":[{"embeddable":true,"href":"https:\/\/cortree.sciontario.org\/fr\/wp-json\/wp\/v2\/users\/4"}],"replies":[{"embeddable":true,"href":"https:\/\/cortree.sciontario.org\/fr\/wp-json\/wp\/v2\/comments?post=2666"}],"version-history":[{"count":0,"href":"https:\/\/cortree.sciontario.org\/fr\/wp-json\/wp\/v2\/pages\/2666\/revisions"}],"wp:attachment":[{"href":"https:\/\/cortree.sciontario.org\/fr\/wp-json\/wp\/v2\/media?parent=2666"}],"curies":[{"name":"wp","href":"https:\/\/api.w.org\/{rel}","templated":true}]}}