{"id":2664,"date":"2023-11-03T17:02:31","date_gmt":"2023-11-03T17:02:31","guid":{"rendered":"http:\/\/cortree.sciontario.org\/trouver-une-serie\/"},"modified":"2025-07-03T11:22:26","modified_gmt":"2025-07-03T11:22:26","slug":"trouver-une-serie","status":"publish","type":"page","link":"https:\/\/cortree.sciontario.org\/fr\/trouver-une-serie\/","title":{"rendered":"Trouver une s\u00e9rie"},"content":{"rendered":"<div id=\"content\">\t\t<div data-elementor-type=\"wp-page\" data-elementor-id=\"2664\" class=\"elementor elementor-2664 elementor-1265\" data-elementor-post-type=\"page\">\n\t\t\t\t\t\t<section class=\"elementor-section elementor-top-section elementor-element elementor-element-d82ab80 elementor-section-boxed elementor-section-height-default elementor-section-height-default\" data-id=\"d82ab80\" data-element_type=\"section\" data-e-type=\"section\">\n\t\t\t\t\t\t<div class=\"elementor-container elementor-column-gap-default\">\n\t\t\t\t\t<div class=\"elementor-column elementor-col-100 elementor-top-column elementor-element elementor-element-5114175\" data-id=\"5114175\" data-element_type=\"column\" data-e-type=\"column\">\n\t\t\t<div class=\"elementor-widget-wrap elementor-element-populated\">\n\t\t\t\t\t\t<div class=\"elementor-element elementor-element-749afee elementor-widget elementor-widget-heading\" data-id=\"749afee\" data-element_type=\"widget\" data-e-type=\"widget\" data-widget_type=\"heading.default\">\n\t\t\t\t<div class=\"elementor-widget-container\">\n\t\t\t\t\t<h1 class=\"elementor-heading-title elementor-size-default\">Trouver une s\u00e9rie<\/h1>\t\t\t\t<\/div>\n\t\t\t\t<\/div>\n\t\t\t\t<div class=\"elementor-element elementor-element-bafabfa elementor-widget elementor-widget-text-editor\" data-id=\"bafabfa\" data-element_type=\"widget\" data-e-type=\"widget\" data-widget_type=\"text-editor.default\">\n\t\t\t\t<div class=\"elementor-widget-container\">\n\t\t\t\t\t\t\t\t\t<h4>Vid\u00e9os et cours s\u00e9lectionn\u00e9s pour un monde plus accessible.<\/h4>\t\t\t\t\t\t\t\t<\/div>\n\t\t\t\t<\/div>\n\t\t\t\t\t<\/div>\n\t\t<\/div>\n\t\t\t\t\t<\/div>\n\t\t<\/section>\n\t\t\t\t<section class=\"elementor-section elementor-top-section elementor-element elementor-element-3035926 elementor-section-boxed elementor-section-height-default elementor-section-height-default\" data-id=\"3035926\" data-element_type=\"section\" data-e-type=\"section\">\n\t\t\t\t\t\t<div class=\"elementor-container elementor-column-gap-default\">\n\t\t\t\t\t<div class=\"elementor-column elementor-col-100 elementor-top-column elementor-element elementor-element-d3638a9\" data-id=\"d3638a9\" data-element_type=\"column\" data-e-type=\"column\">\n\t\t\t<div class=\"elementor-widget-wrap elementor-element-populated\">\n\t\t\t\t\t\t<div class=\"elementor-element elementor-element-099e590 elementor-widget elementor-widget-Series Carousel\" data-id=\"099e590\" data-element_type=\"widget\" data-e-type=\"widget\" data-widget_type=\"Series Carousel.default\">\n\t\t\t\t<div class=\"elementor-widget-container\">\n\t\t\t\t\t\r\n\t\t<div id=\"series-carousel\" class=\"category-grid category-carousel\">\r\n                    <a href=\"https:\/\/cortree.sciontario.org\/series\/aging\/\" class=\"archive-card\">\r\n                <div class=\"card\">\r\n                    <img decoding=\"async\" src=\"https:\/\/cortree.sciontario.org\/wp-content\/uploads\/2023\/12\/aging-series-img-1.jpg\" alt=\"\" class=\"image\">\r\n                    <h4 class=\"title\">Aging<\/h4>\r\n                <\/div>\r\n            <\/a>\r\n                    <a href=\"https:\/\/cortree.sciontario.org\/series\/employment\/\" class=\"archive-card\">\r\n                <div class=\"card\">\r\n                    <img decoding=\"async\" src=\"https:\/\/cortree.sciontario.org\/wp-content\/uploads\/2023\/10\/employment-series.jpg\" alt=\"\" class=\"image\">\r\n                    <h4 class=\"title\">Employment<\/h4>\r\n                <\/div>\r\n            <\/a>\r\n                    <a href=\"https:\/\/cortree.sciontario.org\/series\/intermittent-catheterization-for-people-with-female-genitalia\/\" class=\"archive-card\">\r\n                <div class=\"card\">\r\n                    <img decoding=\"async\" src=\"https:\/\/cortree.sciontario.org\/wp-content\/uploads\/2024\/01\/series-IC-female-genitalia.jpg\" alt=\"\" class=\"image\">\r\n                    <h4 class=\"title\">Intermittent Catheterization<\/h4>\r\n                <\/div>\r\n            <\/a>\r\n                    <a href=\"https:\/\/cortree.sciontario.org\/series\/living-with-chronic-pain\/\" class=\"archive-card\">\r\n                <div class=\"card\">\r\n                    <img decoding=\"async\" src=\"https:\/\/cortree.sciontario.org\/wp-content\/uploads\/2023\/10\/livingwithchronicpain-series.jpg\" alt=\"\" class=\"image\">\r\n                    <h4 class=\"title\">Living with chronic pain<\/h4>\r\n                <\/div>\r\n            <\/a>\r\n                    <a href=\"https:\/\/cortree.sciontario.org\/series\/peer-connections\/\" class=\"archive-card\">\r\n                <div class=\"card\">\r\n                    <img decoding=\"async\" src=\"https:\/\/cortree.sciontario.org\/wp-content\/uploads\/2023\/11\/peer-connections-series.jpg\" alt=\"\" class=\"image\">\r\n                    <h4 class=\"title\">Peer Connections<\/h4>\r\n                <\/div>\r\n            <\/a>\r\n                    <a href=\"https:\/\/cortree.sciontario.org\/series\/respiratory-health\/\" class=\"archive-card\">\r\n                <div class=\"card\">\r\n                    <img decoding=\"async\" src=\"https:\/\/cortree.sciontario.org\/wp-content\/uploads\/2024\/06\/resp-health-series.jpg\" alt=\"\" class=\"image\">\r\n                    <h4 class=\"title\">Respiratory Health<\/h4>\r\n                <\/div>\r\n            <\/a>\r\n                    <a href=\"https:\/\/cortree.sciontario.org\/series\/underestimated-1\/\" class=\"archive-card\">\r\n                <div class=\"card\">\r\n                    <img decoding=\"async\" src=\"https:\/\/cortree.sciontario.org\/wp-content\/uploads\/2023\/09\/video-test-4.jpg\" alt=\"\" class=\"image\">\r\n                    <h4 class=\"title\">Underestimated Season 1<\/h4>\r\n                <\/div>\r\n            <\/a>\r\n                    <a href=\"https:\/\/cortree.sciontario.org\/series\/underestimated-2\/\" class=\"archive-card\">\r\n                <div class=\"card\">\r\n                    <img decoding=\"async\" src=\"https:\/\/cortree.sciontario.org\/wp-content\/uploads\/2023\/09\/s2e2.jpg\" alt=\"\" class=\"image\">\r\n                    <h4 class=\"title\">Underestimated Season 2<\/h4>\r\n                <\/div>\r\n            <\/a>\r\n                    <a href=\"https:\/\/cortree.sciontario.org\/series\/underestimated-3\/\" class=\"archive-card\">\r\n                <div class=\"card\">\r\n                    <img decoding=\"async\" src=\"https:\/\/cortree.sciontario.org\/wp-content\/uploads\/2024\/10\/Underestimated-s3-series-thumb.jpg\" alt=\"\" class=\"image\">\r\n                    <h4 class=\"title\">Underestimated Season 3<\/h4>\r\n                <\/div>\r\n            <\/a>\r\n                    <a href=\"https:\/\/cortree.sciontario.org\/series\/underestimated-4\/\" class=\"archive-card\">\r\n                <div class=\"card\">\r\n                    <img decoding=\"async\" src=\"https:\/\/cortree.sciontario.org\/wp-content\/uploads\/2024\/10\/Underestimated-s4-series-thumb.jpg\" alt=\"\" class=\"image\">\r\n                    <h4 class=\"title\">Underestimated Season 4<\/h4>\r\n                <\/div>\r\n            <\/a>\r\n            <\/div>\r\n\r\n\t\t\t\t\t\t<\/div>\n\t\t\t\t<\/div>\n\t\t\t\t\t<\/div>\n\t\t<\/div>\n\t\t\t\t\t<\/div>\n\t\t<\/section>\n\t\t\t\t<\/div>\n\t\t<\/div>","protected":false},"excerpt":{"rendered":"<p>Trouver une s\u00e9rie Vid\u00e9os et cours s\u00e9lectionn\u00e9s pour un monde plus accessible. Aging Employment Intermittent Catheterization Living with chronic pain Peer Connections Respiratory Health Underestimated Season 1 Underestimated Season 2 Underestimated Season 3 Underestimated Season 4<\/p>\n","protected":false},"author":4,"featured_media":0,"parent":0,"menu_order":0,"comment_status":"closed","ping_status":"closed","template":"","meta":{"_acf_changed":false,"footnotes":""},"class_list":["post-2664","page","type-page","status-publish","hentry"],"acf":[],"yoast_head":"<!-- This site is optimized with the Yoast SEO plugin v27.3 - https:\/\/yoast.com\/product\/yoast-seo-wordpress\/ -->\n<title>Trouver une s\u00e9rie - Cortree<\/title>\n<meta name=\"robots\" content=\"index, follow, max-snippet:-1, max-image-preview:large, max-video-preview:-1\" \/>\n<link rel=\"canonical\" href=\"https:\/\/cortree.sciontario.org\/fr\/trouver-une-serie\/\" \/>\n<meta property=\"og:locale\" content=\"fr_FR\" \/>\n<meta property=\"og:type\" content=\"article\" \/>\n<meta property=\"og:title\" content=\"Trouver une s\u00e9rie - Cortree\" \/>\n<meta property=\"og:description\" content=\"Trouver une s\u00e9rie Vid\u00e9os et cours s\u00e9lectionn\u00e9s pour un monde plus accessible. Aging Employment Intermittent Catheterization Living with chronic pain Peer Connections Respiratory Health Underestimated Season 1 Underestimated Season 2 Underestimated Season 3 Underestimated Season 4\" \/>\n<meta property=\"og:url\" content=\"https:\/\/cortree.sciontario.org\/fr\/trouver-une-serie\/\" \/>\n<meta property=\"og:site_name\" content=\"Cortree\" \/>\n<meta property=\"article:publisher\" content=\"https:\/\/www.facebook.com\/sciontario.org\/\" \/>\n<meta property=\"article:modified_time\" content=\"2025-07-03T11:22:26+00:00\" \/>\n<meta property=\"og:image\" content=\"http:\/\/cortree.sciontario.org\/wp-content\/uploads\/2023\/12\/aging-series-img-1.jpg\" \/>\n<meta name=\"twitter:card\" content=\"summary_large_image\" \/>\n<meta name=\"twitter:site\" content=\"@sci_ontario\" \/>\n<script type=\"application\/ld+json\" class=\"yoast-schema-graph\">{\"@context\":\"https:\\\/\\\/schema.org\",\"@graph\":[{\"@type\":\"WebPage\",\"@id\":\"https:\\\/\\\/cortree.sciontario.org\\\/fr\\\/trouver-une-serie\\\/\",\"url\":\"https:\\\/\\\/cortree.sciontario.org\\\/fr\\\/trouver-une-serie\\\/\",\"name\":\"Trouver une s\u00e9rie - Cortree\",\"isPartOf\":{\"@id\":\"https:\\\/\\\/cortree.sciontario.org\\\/fr\\\/#website\"},\"primaryImageOfPage\":{\"@id\":\"https:\\\/\\\/cortree.sciontario.org\\\/fr\\\/trouver-une-serie\\\/#primaryimage\"},\"image\":{\"@id\":\"https:\\\/\\\/cortree.sciontario.org\\\/fr\\\/trouver-une-serie\\\/#primaryimage\"},\"thumbnailUrl\":\"http:\\\/\\\/cortree.sciontario.org\\\/wp-content\\\/uploads\\\/2023\\\/12\\\/aging-series-img-1.jpg\",\"datePublished\":\"2023-11-03T17:02:31+00:00\",\"dateModified\":\"2025-07-03T11:22:26+00:00\",\"breadcrumb\":{\"@id\":\"https:\\\/\\\/cortree.sciontario.org\\\/fr\\\/trouver-une-serie\\\/#breadcrumb\"},\"inLanguage\":\"fr-FR\",\"potentialAction\":[{\"@type\":\"ReadAction\",\"target\":[\"https:\\\/\\\/cortree.sciontario.org\\\/fr\\\/trouver-une-serie\\\/\"]}]},{\"@type\":\"ImageObject\",\"inLanguage\":\"fr-FR\",\"@id\":\"https:\\\/\\\/cortree.sciontario.org\\\/fr\\\/trouver-une-serie\\\/#primaryimage\",\"url\":\"http:\\\/\\\/cortree.sciontario.org\\\/wp-content\\\/uploads\\\/2023\\\/12\\\/aging-series-img-1.jpg\",\"contentUrl\":\"http:\\\/\\\/cortree.sciontario.org\\\/wp-content\\\/uploads\\\/2023\\\/12\\\/aging-series-img-1.jpg\"},{\"@type\":\"BreadcrumbList\",\"@id\":\"https:\\\/\\\/cortree.sciontario.org\\\/fr\\\/trouver-une-serie\\\/#breadcrumb\",\"itemListElement\":[{\"@type\":\"ListItem\",\"position\":1,\"name\":\"Home\",\"item\":\"https:\\\/\\\/cortree.sciontario.org\\\/fr\\\/\"},{\"@type\":\"ListItem\",\"position\":2,\"name\":\"Trouver une s\u00e9rie\"}]},{\"@type\":\"WebSite\",\"@id\":\"https:\\\/\\\/cortree.sciontario.org\\\/fr\\\/#website\",\"url\":\"https:\\\/\\\/cortree.sciontario.org\\\/fr\\\/\",\"name\":\"Cortree\",\"description\":\"The premier destination for everyone looking to grow their knowledge, empathy and understanding of living and working with a mobility disability.\",\"publisher\":{\"@id\":\"https:\\\/\\\/cortree.sciontario.org\\\/fr\\\/#organization\"},\"potentialAction\":[{\"@type\":\"SearchAction\",\"target\":{\"@type\":\"EntryPoint\",\"urlTemplate\":\"https:\\\/\\\/cortree.sciontario.org\\\/fr\\\/?s={search_term_string}\"},\"query-input\":{\"@type\":\"PropertyValueSpecification\",\"valueRequired\":true,\"valueName\":\"search_term_string\"}}],\"inLanguage\":\"fr-FR\"},{\"@type\":\"Organization\",\"@id\":\"https:\\\/\\\/cortree.sciontario.org\\\/fr\\\/#organization\",\"name\":\"Spinal Cord Injury Ontario\",\"url\":\"https:\\\/\\\/cortree.sciontario.org\\\/fr\\\/\",\"logo\":{\"@type\":\"ImageObject\",\"inLanguage\":\"fr-FR\",\"@id\":\"https:\\\/\\\/cortree.sciontario.org\\\/fr\\\/#\\\/schema\\\/logo\\\/image\\\/\",\"url\":\"https:\\\/\\\/cortree.sciontario.org\\\/wp-content\\\/uploads\\\/2023\\\/08\\\/cortree-logo.svg\",\"contentUrl\":\"https:\\\/\\\/cortree.sciontario.org\\\/wp-content\\\/uploads\\\/2023\\\/08\\\/cortree-logo.svg\",\"width\":1557,\"height\":514,\"caption\":\"Spinal Cord Injury Ontario\"},\"image\":{\"@id\":\"https:\\\/\\\/cortree.sciontario.org\\\/fr\\\/#\\\/schema\\\/logo\\\/image\\\/\"},\"sameAs\":[\"https:\\\/\\\/www.facebook.com\\\/sciontario.org\\\/\",\"https:\\\/\\\/x.com\\\/sci_ontario\",\"https:\\\/\\\/www.instagram.com\\\/sci_ontario\",\"https:\\\/\\\/www.youtube.com\\\/@CortreeTV\"]}]}<\/script>\n<!-- \/ Yoast SEO plugin. -->","yoast_head_json":{"title":"Trouver une s\u00e9rie - Cortree","robots":{"index":"index","follow":"follow","max-snippet":"max-snippet:-1","max-image-preview":"max-image-preview:large","max-video-preview":"max-video-preview:-1"},"canonical":"https:\/\/cortree.sciontario.org\/fr\/trouver-une-serie\/","og_locale":"fr_FR","og_type":"article","og_title":"Trouver une s\u00e9rie - Cortree","og_description":"Trouver une s\u00e9rie Vid\u00e9os et cours s\u00e9lectionn\u00e9s pour un monde plus accessible. Aging Employment Intermittent Catheterization Living with chronic pain Peer Connections Respiratory Health Underestimated Season 1 Underestimated Season 2 Underestimated Season 3 Underestimated Season 4","og_url":"https:\/\/cortree.sciontario.org\/fr\/trouver-une-serie\/","og_site_name":"Cortree","article_publisher":"https:\/\/www.facebook.com\/sciontario.org\/","article_modified_time":"2025-07-03T11:22:26+00:00","og_image":[{"url":"http:\/\/cortree.sciontario.org\/wp-content\/uploads\/2023\/12\/aging-series-img-1.jpg","type":"","width":"","height":""}],"twitter_card":"summary_large_image","twitter_site":"@sci_ontario","schema":{"@context":"https:\/\/schema.org","@graph":[{"@type":"WebPage","@id":"https:\/\/cortree.sciontario.org\/fr\/trouver-une-serie\/","url":"https:\/\/cortree.sciontario.org\/fr\/trouver-une-serie\/","name":"Trouver une s\u00e9rie - Cortree","isPartOf":{"@id":"https:\/\/cortree.sciontario.org\/fr\/#website"},"primaryImageOfPage":{"@id":"https:\/\/cortree.sciontario.org\/fr\/trouver-une-serie\/#primaryimage"},"image":{"@id":"https:\/\/cortree.sciontario.org\/fr\/trouver-une-serie\/#primaryimage"},"thumbnailUrl":"http:\/\/cortree.sciontario.org\/wp-content\/uploads\/2023\/12\/aging-series-img-1.jpg","datePublished":"2023-11-03T17:02:31+00:00","dateModified":"2025-07-03T11:22:26+00:00","breadcrumb":{"@id":"https:\/\/cortree.sciontario.org\/fr\/trouver-une-serie\/#breadcrumb"},"inLanguage":"fr-FR","potentialAction":[{"@type":"ReadAction","target":["https:\/\/cortree.sciontario.org\/fr\/trouver-une-serie\/"]}]},{"@type":"ImageObject","inLanguage":"fr-FR","@id":"https:\/\/cortree.sciontario.org\/fr\/trouver-une-serie\/#primaryimage","url":"http:\/\/cortree.sciontario.org\/wp-content\/uploads\/2023\/12\/aging-series-img-1.jpg","contentUrl":"http:\/\/cortree.sciontario.org\/wp-content\/uploads\/2023\/12\/aging-series-img-1.jpg"},{"@type":"BreadcrumbList","@id":"https:\/\/cortree.sciontario.org\/fr\/trouver-une-serie\/#breadcrumb","itemListElement":[{"@type":"ListItem","position":1,"name":"Home","item":"https:\/\/cortree.sciontario.org\/fr\/"},{"@type":"ListItem","position":2,"name":"Trouver une s\u00e9rie"}]},{"@type":"WebSite","@id":"https:\/\/cortree.sciontario.org\/fr\/#website","url":"https:\/\/cortree.sciontario.org\/fr\/","name":"Cortree","description":"The premier destination for everyone looking to grow their knowledge, empathy and understanding of living and working with a mobility disability.","publisher":{"@id":"https:\/\/cortree.sciontario.org\/fr\/#organization"},"potentialAction":[{"@type":"SearchAction","target":{"@type":"EntryPoint","urlTemplate":"https:\/\/cortree.sciontario.org\/fr\/?s={search_term_string}"},"query-input":{"@type":"PropertyValueSpecification","valueRequired":true,"valueName":"search_term_string"}}],"inLanguage":"fr-FR"},{"@type":"Organization","@id":"https:\/\/cortree.sciontario.org\/fr\/#organization","name":"Spinal Cord Injury Ontario","url":"https:\/\/cortree.sciontario.org\/fr\/","logo":{"@type":"ImageObject","inLanguage":"fr-FR","@id":"https:\/\/cortree.sciontario.org\/fr\/#\/schema\/logo\/image\/","url":"https:\/\/cortree.sciontario.org\/wp-content\/uploads\/2023\/08\/cortree-logo.svg","contentUrl":"https:\/\/cortree.sciontario.org\/wp-content\/uploads\/2023\/08\/cortree-logo.svg","width":1557,"height":514,"caption":"Spinal Cord Injury Ontario"},"image":{"@id":"https:\/\/cortree.sciontario.org\/fr\/#\/schema\/logo\/image\/"},"sameAs":["https:\/\/www.facebook.com\/sciontario.org\/","https:\/\/x.com\/sci_ontario","https:\/\/www.instagram.com\/sci_ontario","https:\/\/www.youtube.com\/@CortreeTV"]}]}},"featured_image_src":null,"featured_image_src_square":null,"_links":{"self":[{"href":"https:\/\/cortree.sciontario.org\/fr\/wp-json\/wp\/v2\/pages\/2664","targetHints":{"allow":["GET"]}}],"collection":[{"href":"https:\/\/cortree.sciontario.org\/fr\/wp-json\/wp\/v2\/pages"}],"about":[{"href":"https:\/\/cortree.sciontario.org\/fr\/wp-json\/wp\/v2\/types\/page"}],"author":[{"embeddable":true,"href":"https:\/\/cortree.sciontario.org\/fr\/wp-json\/wp\/v2\/users\/4"}],"replies":[{"embeddable":true,"href":"https:\/\/cortree.sciontario.org\/fr\/wp-json\/wp\/v2\/comments?post=2664"}],"version-history":[{"count":0,"href":"https:\/\/cortree.sciontario.org\/fr\/wp-json\/wp\/v2\/pages\/2664\/revisions"}],"wp:attachment":[{"href":"https:\/\/cortree.sciontario.org\/fr\/wp-json\/wp\/v2\/media?parent=2664"}],"curies":[{"name":"wp","href":"https:\/\/api.w.org\/{rel}","templated":true}]}}