{"id":2662,"date":"2023-08-22T10:04:42","date_gmt":"2023-08-22T10:04:42","guid":{"rendered":"http:\/\/cortree.sciontario.org\/a-propos\/"},"modified":"2025-07-03T13:20:28","modified_gmt":"2025-07-03T13:20:28","slug":"a-propos","status":"publish","type":"page","link":"https:\/\/cortree.sciontario.org\/fr\/a-propos\/","title":{"rendered":"\u00c0 propos"},"content":{"rendered":"<div id=\"content\">\t\t<div data-elementor-type=\"wp-page\" data-elementor-id=\"2662\" class=\"elementor elementor-2662 elementor-130\" data-elementor-post-type=\"page\">\n\t\t\t\t\t\t<section class=\"elementor-section elementor-top-section elementor-element elementor-element-c40fe35 elementor-section-boxed elementor-section-height-default elementor-section-height-default\" data-id=\"c40fe35\" data-element_type=\"section\" data-e-type=\"section\">\n\t\t\t\t\t\t<div class=\"elementor-container elementor-column-gap-default\">\n\t\t\t\t\t<div class=\"elementor-column elementor-col-100 elementor-top-column elementor-element elementor-element-af83dbe\" data-id=\"af83dbe\" data-element_type=\"column\" data-e-type=\"column\">\n\t\t\t<div class=\"elementor-widget-wrap elementor-element-populated\">\n\t\t\t\t\t\t<div class=\"elementor-element elementor-element-6e30101 elementor-widget elementor-widget-text-editor\" data-id=\"6e30101\" data-element_type=\"widget\" data-e-type=\"widget\" data-widget_type=\"text-editor.default\">\n\t\t\t\t<div class=\"elementor-widget-container\">\n\t\t\t\t\t\t\t\t\t<h1>\u00c0 propos de Cortree par SCIO<\/h1>\t\t\t\t\t\t\t\t<\/div>\n\t\t\t\t<\/div>\n\t\t\t\t\t<\/div>\n\t\t<\/div>\n\t\t\t\t\t<\/div>\n\t\t<\/section>\n\t\t\t\t<section class=\"elementor-section elementor-top-section elementor-element elementor-element-39abbe9 elementor-section-boxed elementor-section-height-default elementor-section-height-default\" data-id=\"39abbe9\" data-element_type=\"section\" data-e-type=\"section\">\n\t\t\t\t\t\t<div class=\"elementor-container elementor-column-gap-default\">\n\t\t\t\t\t<div class=\"elementor-column elementor-col-16 elementor-top-column elementor-element elementor-element-a41d95e\" data-id=\"a41d95e\" data-element_type=\"column\" data-e-type=\"column\">\n\t\t\t<div class=\"elementor-widget-wrap elementor-element-populated\">\n\t\t\t\t\t\t<section class=\"elementor-section elementor-inner-section elementor-element elementor-element-f8dadc1 elementor-section-boxed elementor-section-height-default elementor-section-height-default\" data-id=\"f8dadc1\" data-element_type=\"section\" data-e-type=\"section\">\n\t\t\t\t\t\t<div class=\"elementor-container elementor-column-gap-default\">\n\t\t\t\t\t<div class=\"elementor-column elementor-col-100 elementor-inner-column elementor-element elementor-element-6e5121d\" data-id=\"6e5121d\" data-element_type=\"column\" data-e-type=\"column\">\n\t\t\t<div class=\"elementor-widget-wrap\">\n\t\t\t\t\t\t\t<\/div>\n\t\t<\/div>\n\t\t\t\t\t<\/div>\n\t\t<\/section>\n\t\t\t\t\t<\/div>\n\t\t<\/div>\n\t\t\t\t<div class=\"elementor-column elementor-col-66 elementor-top-column elementor-element elementor-element-cd940b9\" data-id=\"cd940b9\" data-element_type=\"column\" data-e-type=\"column\">\n\t\t\t<div class=\"elementor-widget-wrap elementor-element-populated\">\n\t\t\t\t\t\t<div class=\"elementor-element elementor-element-768739c elementor-widget elementor-widget-text-editor\" data-id=\"768739c\" data-element_type=\"widget\" data-e-type=\"widget\" data-widget_type=\"text-editor.default\">\n\t\t\t\t<div class=\"elementor-widget-container\">\n\t\t\t\t\t\t\t\t\t<p>Cortree est la destination de choix pour tous ceux qui cherchent \u00e0 d\u00e9velopper leurs connaissances, leur empathie et leur compr\u00e9hension de la vie et du travail avec un handicap de mobilit\u00e9.<\/p><p>Le contenu de Cortree, accessible gratuitement \u00e0 tous, met en lumi\u00e8re les exp\u00e9riences uniques de la vie avec un handicap de mobilit\u00e9. La plateforme propose du contenu expert \u00e9labor\u00e9 par des cr\u00e9ateurs ayant une exp\u00e9rience r\u00e9elle et v\u00e9cue du handicap et le point de vue des utilisateurs du syst\u00e8me de sant\u00e9.<u><\/u><u><\/u><\/p><p>En 2019, L\u00e9sions M\u00e9dullaires Ontario (LMO) a reconnu que les exp\u00e9riences v\u00e9cues par notre communaut\u00e9 avaient une valeur pour les personnes \u00e2g\u00e9es bien au-del\u00e0 de la communaut\u00e9 traditionnelle des l\u00e9sions m\u00e9dullaires. Les personnes handicap\u00e9es vivent dans des communaut\u00e9s partout en Ontario o\u00f9 il existe des disparit\u00e9s g\u00e9ographiques en mati\u00e8re d\u2019acc\u00e8s aux soins. Notre objectif est de vous aider \u00e0 jouer un r\u00f4le actif dans vos soins et \u00e0 pr\u00e9venir les probl\u00e8mes de sant\u00e9 qui peuvent limiter votre acc\u00e8s \u00e0 votre communaut\u00e9 d\u2019origine.<\/p><p>Cortree est la plateforme permettant \u00e0 chacun d&rsquo;apprendre et de s&rsquo;engager dans les sept d\u00e9cennies d&rsquo;exp\u00e9rience du LMO en mati\u00e8re de soins de sant\u00e9, de mobilit\u00e9 et de handicap.<\/p>\t\t\t\t\t\t\t\t<\/div>\n\t\t\t\t<\/div>\n\t\t\t\t\t<\/div>\n\t\t<\/div>\n\t\t\t\t<div class=\"elementor-column elementor-col-16 elementor-top-column elementor-element elementor-element-55df0fd\" data-id=\"55df0fd\" data-element_type=\"column\" data-e-type=\"column\">\n\t\t\t<div class=\"elementor-widget-wrap\">\n\t\t\t\t\t\t\t<\/div>\n\t\t<\/div>\n\t\t\t\t\t<\/div>\n\t\t<\/section>\n\t\t\t\t<section class=\"elementor-section elementor-top-section elementor-element elementor-element-45d5866 elementor-section-full_width feat-series-row wide-box elementor-section-height-default elementor-section-height-default\" data-id=\"45d5866\" data-element_type=\"section\" data-e-type=\"section\">\n\t\t\t\t\t\t<div class=\"elementor-container elementor-column-gap-default\">\n\t\t\t\t\t<div class=\"elementor-column elementor-col-100 elementor-top-column elementor-element elementor-element-7e8ae78\" data-id=\"7e8ae78\" data-element_type=\"column\" data-e-type=\"column\">\n\t\t\t<div class=\"elementor-widget-wrap elementor-element-populated\">\n\t\t\t\t\t\t<div class=\"elementor-element elementor-element-887adfd elementor-widget elementor-widget-heading\" data-id=\"887adfd\" data-element_type=\"widget\" data-e-type=\"widget\" data-widget_type=\"heading.default\">\n\t\t\t\t<div class=\"elementor-widget-container\">\n\t\t\t\t\t<h2 class=\"elementor-heading-title elementor-size-default\">Vous vous demandez par o\u00f9 commencer ?<\/h2>\t\t\t\t<\/div>\n\t\t\t\t<\/div>\n\t\t\t\t<div class=\"elementor-element elementor-element-40390b4 elementor-widget elementor-widget-Series Carousel\" data-id=\"40390b4\" data-element_type=\"widget\" data-e-type=\"widget\" data-widget_type=\"Series Carousel.default\">\n\t\t\t\t<div class=\"elementor-widget-container\">\n\t\t\t\t\t\r\n\t\t<div id=\"series-carousel\" class=\"category-grid category-carousel\">\r\n                    <a href=\"https:\/\/cortree.sciontario.org\/series\/underestimated\/\" class=\"archive-card\">\r\n                <div class=\"card\">\r\n                    <img decoding=\"async\" src=\"https:\/\/cortree.sciontario.org\/wp-content\/uploads\/2023\/09\/underestimated-tile.jpg\" alt=\"\" class=\"image\">\r\n                    <h4 class=\"title\">Underestimated<\/h4>\r\n                <\/div>\r\n            <\/a>\r\n                    <a href=\"https:\/\/cortree.sciontario.org\/series\/sex-and-disability\/\" class=\"archive-card\">\r\n                <div class=\"card\">\r\n                    <img decoding=\"async\" src=\"https:\/\/cortree.sciontario.org\/wp-content\/uploads\/2023\/09\/sex-and-disability.jpg\" alt=\"\" class=\"image\">\r\n                    <h4 class=\"title\">Sex &amp; Disability<\/h4>\r\n                <\/div>\r\n            <\/a>\r\n                    <a href=\"https:\/\/cortree.sciontario.org\/series\/intermittent-catheterization-for-people-with-female-genitalia\/\" class=\"archive-card\">\r\n                <div class=\"card\">\r\n                    <img decoding=\"async\" src=\"https:\/\/cortree.sciontario.org\/wp-content\/uploads\/2024\/01\/series-IC-female-genitalia.jpg\" alt=\"\" class=\"image\">\r\n                    <h4 class=\"title\">Intermittent Catheterization<\/h4>\r\n                <\/div>\r\n            <\/a>\r\n                    <a href=\"https:\/\/cortree.sciontario.org\/series\/respiratory-health\/\" class=\"archive-card\">\r\n                <div class=\"card\">\r\n                    <img decoding=\"async\" src=\"https:\/\/cortree.sciontario.org\/wp-content\/uploads\/2024\/06\/resp-health-series.jpg\" alt=\"\" class=\"image\">\r\n                    <h4 class=\"title\">Respiratory Health<\/h4>\r\n                <\/div>\r\n            <\/a>\r\n            <\/div>\r\n\r\n\t\t\t\t\t\t<\/div>\n\t\t\t\t<\/div>\n\t\t\t\t\t<\/div>\n\t\t<\/div>\n\t\t\t\t\t<\/div>\n\t\t<\/section>\n\t\t\t\t<\/div>\n\t\t<\/div>","protected":false},"excerpt":{"rendered":"<p>\u00c0 propos de Cortree par SCIO Cortree est la destination de choix pour tous ceux qui cherchent \u00e0 d\u00e9velopper leurs connaissances, leur empathie et leur compr\u00e9hension de la vie et du travail avec un handicap de mobilit\u00e9. Le contenu de Cortree, accessible gratuitement \u00e0 tous, met en lumi\u00e8re les exp\u00e9riences uniques de la vie avec [&hellip;]<\/p>\n","protected":false},"author":4,"featured_media":0,"parent":0,"menu_order":0,"comment_status":"closed","ping_status":"closed","template":"elementor_header_footer","meta":{"_acf_changed":false,"footnotes":""},"class_list":["post-2662","page","type-page","status-publish","hentry"],"acf":[],"yoast_head":"<!-- This site is optimized with the Yoast SEO plugin v27.3 - https:\/\/yoast.com\/product\/yoast-seo-wordpress\/ -->\n<title>\u00c0 propos - Cortree<\/title>\n<meta name=\"robots\" content=\"index, follow, max-snippet:-1, max-image-preview:large, max-video-preview:-1\" \/>\n<link rel=\"canonical\" href=\"https:\/\/cortree.sciontario.org\/fr\/a-propos\/\" \/>\n<meta property=\"og:locale\" content=\"fr_FR\" \/>\n<meta property=\"og:type\" content=\"article\" \/>\n<meta property=\"og:title\" content=\"\u00c0 propos - Cortree\" \/>\n<meta property=\"og:description\" content=\"\u00c0 propos de Cortree par SCIO Cortree est la destination de choix pour tous ceux qui cherchent \u00e0 d\u00e9velopper leurs connaissances, leur empathie et leur compr\u00e9hension de la vie et du travail avec un handicap de mobilit\u00e9. Le contenu de Cortree, accessible gratuitement \u00e0 tous, met en lumi\u00e8re les exp\u00e9riences uniques de la vie avec [&hellip;]\" \/>\n<meta property=\"og:url\" content=\"https:\/\/cortree.sciontario.org\/fr\/a-propos\/\" \/>\n<meta property=\"og:site_name\" content=\"Cortree\" \/>\n<meta property=\"article:publisher\" content=\"https:\/\/www.facebook.com\/sciontario.org\/\" \/>\n<meta property=\"article:modified_time\" content=\"2025-07-03T13:20:28+00:00\" \/>\n<meta property=\"og:image\" content=\"http:\/\/cortree.sciontario.org\/wp-content\/uploads\/2023\/09\/underestimated-tile.jpg\" \/>\n<meta name=\"twitter:card\" content=\"summary_large_image\" \/>\n<meta name=\"twitter:site\" content=\"@sci_ontario\" \/>\n<meta name=\"twitter:label1\" content=\"Dur\u00e9e de lecture estim\u00e9e\" \/>\n\t<meta name=\"twitter:data1\" content=\"1 minute\" \/>\n<script type=\"application\/ld+json\" class=\"yoast-schema-graph\">{\"@context\":\"https:\\\/\\\/schema.org\",\"@graph\":[{\"@type\":\"WebPage\",\"@id\":\"https:\\\/\\\/cortree.sciontario.org\\\/fr\\\/a-propos\\\/\",\"url\":\"https:\\\/\\\/cortree.sciontario.org\\\/fr\\\/a-propos\\\/\",\"name\":\"\u00c0 propos - Cortree\",\"isPartOf\":{\"@id\":\"https:\\\/\\\/cortree.sciontario.org\\\/fr\\\/#website\"},\"primaryImageOfPage\":{\"@id\":\"https:\\\/\\\/cortree.sciontario.org\\\/fr\\\/a-propos\\\/#primaryimage\"},\"image\":{\"@id\":\"https:\\\/\\\/cortree.sciontario.org\\\/fr\\\/a-propos\\\/#primaryimage\"},\"thumbnailUrl\":\"http:\\\/\\\/cortree.sciontario.org\\\/wp-content\\\/uploads\\\/2023\\\/09\\\/underestimated-tile.jpg\",\"datePublished\":\"2023-08-22T10:04:42+00:00\",\"dateModified\":\"2025-07-03T13:20:28+00:00\",\"breadcrumb\":{\"@id\":\"https:\\\/\\\/cortree.sciontario.org\\\/fr\\\/a-propos\\\/#breadcrumb\"},\"inLanguage\":\"fr-FR\",\"potentialAction\":[{\"@type\":\"ReadAction\",\"target\":[\"https:\\\/\\\/cortree.sciontario.org\\\/fr\\\/a-propos\\\/\"]}]},{\"@type\":\"ImageObject\",\"inLanguage\":\"fr-FR\",\"@id\":\"https:\\\/\\\/cortree.sciontario.org\\\/fr\\\/a-propos\\\/#primaryimage\",\"url\":\"http:\\\/\\\/cortree.sciontario.org\\\/wp-content\\\/uploads\\\/2023\\\/09\\\/underestimated-tile.jpg\",\"contentUrl\":\"http:\\\/\\\/cortree.sciontario.org\\\/wp-content\\\/uploads\\\/2023\\\/09\\\/underestimated-tile.jpg\"},{\"@type\":\"BreadcrumbList\",\"@id\":\"https:\\\/\\\/cortree.sciontario.org\\\/fr\\\/a-propos\\\/#breadcrumb\",\"itemListElement\":[{\"@type\":\"ListItem\",\"position\":1,\"name\":\"Home\",\"item\":\"https:\\\/\\\/cortree.sciontario.org\\\/fr\\\/\"},{\"@type\":\"ListItem\",\"position\":2,\"name\":\"\u00c0 propos\"}]},{\"@type\":\"WebSite\",\"@id\":\"https:\\\/\\\/cortree.sciontario.org\\\/fr\\\/#website\",\"url\":\"https:\\\/\\\/cortree.sciontario.org\\\/fr\\\/\",\"name\":\"Cortree\",\"description\":\"The premier destination for everyone looking to grow their knowledge, empathy and understanding of living and working with a mobility disability.\",\"publisher\":{\"@id\":\"https:\\\/\\\/cortree.sciontario.org\\\/fr\\\/#organization\"},\"potentialAction\":[{\"@type\":\"SearchAction\",\"target\":{\"@type\":\"EntryPoint\",\"urlTemplate\":\"https:\\\/\\\/cortree.sciontario.org\\\/fr\\\/?s={search_term_string}\"},\"query-input\":{\"@type\":\"PropertyValueSpecification\",\"valueRequired\":true,\"valueName\":\"search_term_string\"}}],\"inLanguage\":\"fr-FR\"},{\"@type\":\"Organization\",\"@id\":\"https:\\\/\\\/cortree.sciontario.org\\\/fr\\\/#organization\",\"name\":\"Spinal Cord Injury Ontario\",\"url\":\"https:\\\/\\\/cortree.sciontario.org\\\/fr\\\/\",\"logo\":{\"@type\":\"ImageObject\",\"inLanguage\":\"fr-FR\",\"@id\":\"https:\\\/\\\/cortree.sciontario.org\\\/fr\\\/#\\\/schema\\\/logo\\\/image\\\/\",\"url\":\"https:\\\/\\\/cortree.sciontario.org\\\/wp-content\\\/uploads\\\/2023\\\/08\\\/cortree-logo.svg\",\"contentUrl\":\"https:\\\/\\\/cortree.sciontario.org\\\/wp-content\\\/uploads\\\/2023\\\/08\\\/cortree-logo.svg\",\"width\":1557,\"height\":514,\"caption\":\"Spinal Cord Injury Ontario\"},\"image\":{\"@id\":\"https:\\\/\\\/cortree.sciontario.org\\\/fr\\\/#\\\/schema\\\/logo\\\/image\\\/\"},\"sameAs\":[\"https:\\\/\\\/www.facebook.com\\\/sciontario.org\\\/\",\"https:\\\/\\\/x.com\\\/sci_ontario\",\"https:\\\/\\\/www.instagram.com\\\/sci_ontario\",\"https:\\\/\\\/www.youtube.com\\\/@CortreeTV\"]}]}<\/script>\n<!-- \/ Yoast SEO plugin. -->","yoast_head_json":{"title":"\u00c0 propos - Cortree","robots":{"index":"index","follow":"follow","max-snippet":"max-snippet:-1","max-image-preview":"max-image-preview:large","max-video-preview":"max-video-preview:-1"},"canonical":"https:\/\/cortree.sciontario.org\/fr\/a-propos\/","og_locale":"fr_FR","og_type":"article","og_title":"\u00c0 propos - Cortree","og_description":"\u00c0 propos de Cortree par SCIO Cortree est la destination de choix pour tous ceux qui cherchent \u00e0 d\u00e9velopper leurs connaissances, leur empathie et leur compr\u00e9hension de la vie et du travail avec un handicap de mobilit\u00e9. Le contenu de Cortree, accessible gratuitement \u00e0 tous, met en lumi\u00e8re les exp\u00e9riences uniques de la vie avec [&hellip;]","og_url":"https:\/\/cortree.sciontario.org\/fr\/a-propos\/","og_site_name":"Cortree","article_publisher":"https:\/\/www.facebook.com\/sciontario.org\/","article_modified_time":"2025-07-03T13:20:28+00:00","og_image":[{"url":"http:\/\/cortree.sciontario.org\/wp-content\/uploads\/2023\/09\/underestimated-tile.jpg","type":"","width":"","height":""}],"twitter_card":"summary_large_image","twitter_site":"@sci_ontario","twitter_misc":{"Dur\u00e9e de lecture estim\u00e9e":"1 minute"},"schema":{"@context":"https:\/\/schema.org","@graph":[{"@type":"WebPage","@id":"https:\/\/cortree.sciontario.org\/fr\/a-propos\/","url":"https:\/\/cortree.sciontario.org\/fr\/a-propos\/","name":"\u00c0 propos - Cortree","isPartOf":{"@id":"https:\/\/cortree.sciontario.org\/fr\/#website"},"primaryImageOfPage":{"@id":"https:\/\/cortree.sciontario.org\/fr\/a-propos\/#primaryimage"},"image":{"@id":"https:\/\/cortree.sciontario.org\/fr\/a-propos\/#primaryimage"},"thumbnailUrl":"http:\/\/cortree.sciontario.org\/wp-content\/uploads\/2023\/09\/underestimated-tile.jpg","datePublished":"2023-08-22T10:04:42+00:00","dateModified":"2025-07-03T13:20:28+00:00","breadcrumb":{"@id":"https:\/\/cortree.sciontario.org\/fr\/a-propos\/#breadcrumb"},"inLanguage":"fr-FR","potentialAction":[{"@type":"ReadAction","target":["https:\/\/cortree.sciontario.org\/fr\/a-propos\/"]}]},{"@type":"ImageObject","inLanguage":"fr-FR","@id":"https:\/\/cortree.sciontario.org\/fr\/a-propos\/#primaryimage","url":"http:\/\/cortree.sciontario.org\/wp-content\/uploads\/2023\/09\/underestimated-tile.jpg","contentUrl":"http:\/\/cortree.sciontario.org\/wp-content\/uploads\/2023\/09\/underestimated-tile.jpg"},{"@type":"BreadcrumbList","@id":"https:\/\/cortree.sciontario.org\/fr\/a-propos\/#breadcrumb","itemListElement":[{"@type":"ListItem","position":1,"name":"Home","item":"https:\/\/cortree.sciontario.org\/fr\/"},{"@type":"ListItem","position":2,"name":"\u00c0 propos"}]},{"@type":"WebSite","@id":"https:\/\/cortree.sciontario.org\/fr\/#website","url":"https:\/\/cortree.sciontario.org\/fr\/","name":"Cortree","description":"The premier destination for everyone looking to grow their knowledge, empathy and understanding of living and working with a mobility disability.","publisher":{"@id":"https:\/\/cortree.sciontario.org\/fr\/#organization"},"potentialAction":[{"@type":"SearchAction","target":{"@type":"EntryPoint","urlTemplate":"https:\/\/cortree.sciontario.org\/fr\/?s={search_term_string}"},"query-input":{"@type":"PropertyValueSpecification","valueRequired":true,"valueName":"search_term_string"}}],"inLanguage":"fr-FR"},{"@type":"Organization","@id":"https:\/\/cortree.sciontario.org\/fr\/#organization","name":"Spinal Cord Injury Ontario","url":"https:\/\/cortree.sciontario.org\/fr\/","logo":{"@type":"ImageObject","inLanguage":"fr-FR","@id":"https:\/\/cortree.sciontario.org\/fr\/#\/schema\/logo\/image\/","url":"https:\/\/cortree.sciontario.org\/wp-content\/uploads\/2023\/08\/cortree-logo.svg","contentUrl":"https:\/\/cortree.sciontario.org\/wp-content\/uploads\/2023\/08\/cortree-logo.svg","width":1557,"height":514,"caption":"Spinal Cord Injury Ontario"},"image":{"@id":"https:\/\/cortree.sciontario.org\/fr\/#\/schema\/logo\/image\/"},"sameAs":["https:\/\/www.facebook.com\/sciontario.org\/","https:\/\/x.com\/sci_ontario","https:\/\/www.instagram.com\/sci_ontario","https:\/\/www.youtube.com\/@CortreeTV"]}]}},"featured_image_src":null,"featured_image_src_square":null,"_links":{"self":[{"href":"https:\/\/cortree.sciontario.org\/fr\/wp-json\/wp\/v2\/pages\/2662","targetHints":{"allow":["GET"]}}],"collection":[{"href":"https:\/\/cortree.sciontario.org\/fr\/wp-json\/wp\/v2\/pages"}],"about":[{"href":"https:\/\/cortree.sciontario.org\/fr\/wp-json\/wp\/v2\/types\/page"}],"author":[{"embeddable":true,"href":"https:\/\/cortree.sciontario.org\/fr\/wp-json\/wp\/v2\/users\/4"}],"replies":[{"embeddable":true,"href":"https:\/\/cortree.sciontario.org\/fr\/wp-json\/wp\/v2\/comments?post=2662"}],"version-history":[{"count":0,"href":"https:\/\/cortree.sciontario.org\/fr\/wp-json\/wp\/v2\/pages\/2662\/revisions"}],"wp:attachment":[{"href":"https:\/\/cortree.sciontario.org\/fr\/wp-json\/wp\/v2\/media?parent=2662"}],"curies":[{"name":"wp","href":"https:\/\/api.w.org\/{rel}","templated":true}]}}